{"id":46,"date":"2020-12-17T18:12:57","date_gmt":"2020-12-17T18:12:57","guid":{"rendered":"http:\/\/orken.thomas-cerny.com\/?page_id=46"},"modified":"2021-01-04T21:06:17","modified_gmt":"2021-01-04T21:06:17","slug":"ueber-uns","status":"publish","type":"page","link":"https:\/\/www.alt-orken.de\/?page_id=46","title":{"rendered":"\u00dcber uns"},"content":{"rendered":"<div data-id='initial-content-section' data-export-id='initial-content-section' data-label='Initial Content' id='initial-content-section' class='content-section content-section-spacing'>\n   <div class='gridContainer'>\n     <div class='row'>\n\n        <div class='col-xs-12 col-sm-12'>                <p><\/p>\n<p>M\u00f6glicherweise bist du k\u00fcnstlerisch t\u00e4tig und m\u00f6chtest dich und deine Arbeiten hier vorstellen. Oder hast du vielleicht ein Business mit einer Mission, die es zu beschreiben gilt?<\/p>\n<p><\/p>\n\n          <\/div>\n      <\/div>\n  <\/div>\n<\/div>\n","protected":false},"excerpt":{"rendered":"<p>M\u00f6glicherweise bist du k\u00fcnstlerisch t\u00e4tig und m\u00f6chtest dich und deine Arbeiten hier vorstellen. Oder hast du vielleicht ein Business mit einer Mission, die es zu beschreiben gilt?<\/p>\n","protected":false},"author":2,"featured_media":43,"parent":0,"menu_order":0,"comment_status":"closed","ping_status":"closed","template":"pro\/page-templates\/full-width-page.php","meta":{"footnotes":""},"class_list":["post-46","page","type-page","status-publish","has-post-thumbnail","hentry"],"yoast_head":"<!-- This site is optimized with the Yoast SEO plugin v25.6 - https:\/\/yoast.com\/wordpress\/plugins\/seo\/ -->\n<title>\u00dcber uns - Alt-Orken<\/title>\n<meta name=\"robots\" content=\"index, follow, max-snippet:-1, max-image-preview:large, max-video-preview:-1\" \/>\n<link rel=\"canonical\" href=\"https:\/\/www.alt-orken.de\/?page_id=46\" \/>\n<meta property=\"og:locale\" content=\"de_DE\" \/>\n<meta property=\"og:type\" content=\"article\" \/>\n<meta property=\"og:title\" content=\"\u00dcber uns - Alt-Orken\" \/>\n<meta property=\"og:description\" content=\"M\u00f6glicherweise bist du k\u00fcnstlerisch t\u00e4tig und m\u00f6chtest dich und deine Arbeiten hier vorstellen. Oder hast du vielleicht ein Business mit einer Mission, die es zu beschreiben gilt?\" \/>\n<meta property=\"og:url\" content=\"https:\/\/www.alt-orken.de\/?page_id=46\" \/>\n<meta property=\"og:site_name\" content=\"Alt-Orken\" \/>\n<meta property=\"article:modified_time\" content=\"2021-01-04T21:06:17+00:00\" \/>\n<meta property=\"og:image\" content=\"https:\/\/www.alt-orken.de\/wp-content\/uploads\/2020\/12\/sandwich-1.jpg\" \/>\n\t<meta property=\"og:image:width\" content=\"2000\" \/>\n\t<meta property=\"og:image:height\" content=\"1200\" \/>\n\t<meta property=\"og:image:type\" content=\"image\/jpeg\" \/>\n<meta name=\"twitter:card\" content=\"summary_large_image\" \/>\n<script type=\"application\/ld+json\" class=\"yoast-schema-graph\">{\"@context\":\"https:\/\/schema.org\",\"@graph\":[{\"@type\":\"WebPage\",\"@id\":\"https:\/\/www.alt-orken.de\/?page_id=46\",\"url\":\"https:\/\/www.alt-orken.de\/?page_id=46\",\"name\":\"\u00dcber uns - Alt-Orken\",\"isPartOf\":{\"@id\":\"https:\/\/www.alt-orken.de\/#website\"},\"primaryImageOfPage\":{\"@id\":\"https:\/\/www.alt-orken.de\/?page_id=46#primaryimage\"},\"image\":{\"@id\":\"https:\/\/www.alt-orken.de\/?page_id=46#primaryimage\"},\"thumbnailUrl\":\"https:\/\/www.alt-orken.de\/wp-content\/uploads\/2020\/12\/sandwich-1.jpg\",\"datePublished\":\"2020-12-17T18:12:57+00:00\",\"dateModified\":\"2021-01-04T21:06:17+00:00\",\"breadcrumb\":{\"@id\":\"https:\/\/www.alt-orken.de\/?page_id=46#breadcrumb\"},\"inLanguage\":\"de\",\"potentialAction\":[{\"@type\":\"ReadAction\",\"target\":[\"https:\/\/www.alt-orken.de\/?page_id=46\"]}]},{\"@type\":\"ImageObject\",\"inLanguage\":\"de\",\"@id\":\"https:\/\/www.alt-orken.de\/?page_id=46#primaryimage\",\"url\":\"https:\/\/www.alt-orken.de\/wp-content\/uploads\/2020\/12\/sandwich-1.jpg\",\"contentUrl\":\"https:\/\/www.alt-orken.de\/wp-content\/uploads\/2020\/12\/sandwich-1.jpg\",\"width\":2000,\"height\":1200},{\"@type\":\"BreadcrumbList\",\"@id\":\"https:\/\/www.alt-orken.de\/?page_id=46#breadcrumb\",\"itemListElement\":[{\"@type\":\"ListItem\",\"position\":1,\"name\":\"Home\",\"item\":\"https:\/\/www.alt-orken.de\/\"},{\"@type\":\"ListItem\",\"position\":2,\"name\":\"\u00dcber uns\"}]},{\"@type\":\"WebSite\",\"@id\":\"https:\/\/www.alt-orken.de\/#website\",\"url\":\"https:\/\/www.alt-orken.de\/\",\"name\":\"Alt-Orken\",\"description\":\"Just another WordPress site\",\"potentialAction\":[{\"@type\":\"SearchAction\",\"target\":{\"@type\":\"EntryPoint\",\"urlTemplate\":\"https:\/\/www.alt-orken.de\/?s={search_term_string}\"},\"query-input\":{\"@type\":\"PropertyValueSpecification\",\"valueRequired\":true,\"valueName\":\"search_term_string\"}}],\"inLanguage\":\"de\"}]}<\/script>\n<!-- \/ Yoast SEO plugin. -->","yoast_head_json":{"title":"\u00dcber uns - Alt-Orken","robots":{"index":"index","follow":"follow","max-snippet":"max-snippet:-1","max-image-preview":"max-image-preview:large","max-video-preview":"max-video-preview:-1"},"canonical":"https:\/\/www.alt-orken.de\/?page_id=46","og_locale":"de_DE","og_type":"article","og_title":"\u00dcber uns - Alt-Orken","og_description":"M\u00f6glicherweise bist du k\u00fcnstlerisch t\u00e4tig und m\u00f6chtest dich und deine Arbeiten hier vorstellen. Oder hast du vielleicht ein Business mit einer Mission, die es zu beschreiben gilt?","og_url":"https:\/\/www.alt-orken.de\/?page_id=46","og_site_name":"Alt-Orken","article_modified_time":"2021-01-04T21:06:17+00:00","og_image":[{"width":2000,"height":1200,"url":"https:\/\/www.alt-orken.de\/wp-content\/uploads\/2020\/12\/sandwich-1.jpg","type":"image\/jpeg"}],"twitter_card":"summary_large_image","schema":{"@context":"https:\/\/schema.org","@graph":[{"@type":"WebPage","@id":"https:\/\/www.alt-orken.de\/?page_id=46","url":"https:\/\/www.alt-orken.de\/?page_id=46","name":"\u00dcber uns - Alt-Orken","isPartOf":{"@id":"https:\/\/www.alt-orken.de\/#website"},"primaryImageOfPage":{"@id":"https:\/\/www.alt-orken.de\/?page_id=46#primaryimage"},"image":{"@id":"https:\/\/www.alt-orken.de\/?page_id=46#primaryimage"},"thumbnailUrl":"https:\/\/www.alt-orken.de\/wp-content\/uploads\/2020\/12\/sandwich-1.jpg","datePublished":"2020-12-17T18:12:57+00:00","dateModified":"2021-01-04T21:06:17+00:00","breadcrumb":{"@id":"https:\/\/www.alt-orken.de\/?page_id=46#breadcrumb"},"inLanguage":"de","potentialAction":[{"@type":"ReadAction","target":["https:\/\/www.alt-orken.de\/?page_id=46"]}]},{"@type":"ImageObject","inLanguage":"de","@id":"https:\/\/www.alt-orken.de\/?page_id=46#primaryimage","url":"https:\/\/www.alt-orken.de\/wp-content\/uploads\/2020\/12\/sandwich-1.jpg","contentUrl":"https:\/\/www.alt-orken.de\/wp-content\/uploads\/2020\/12\/sandwich-1.jpg","width":2000,"height":1200},{"@type":"BreadcrumbList","@id":"https:\/\/www.alt-orken.de\/?page_id=46#breadcrumb","itemListElement":[{"@type":"ListItem","position":1,"name":"Home","item":"https:\/\/www.alt-orken.de\/"},{"@type":"ListItem","position":2,"name":"\u00dcber uns"}]},{"@type":"WebSite","@id":"https:\/\/www.alt-orken.de\/#website","url":"https:\/\/www.alt-orken.de\/","name":"Alt-Orken","description":"Just another WordPress site","potentialAction":[{"@type":"SearchAction","target":{"@type":"EntryPoint","urlTemplate":"https:\/\/www.alt-orken.de\/?s={search_term_string}"},"query-input":{"@type":"PropertyValueSpecification","valueRequired":true,"valueName":"search_term_string"}}],"inLanguage":"de"}]}},"_links":{"self":[{"href":"https:\/\/www.alt-orken.de\/index.php?rest_route=\/wp\/v2\/pages\/46"}],"collection":[{"href":"https:\/\/www.alt-orken.de\/index.php?rest_route=\/wp\/v2\/pages"}],"about":[{"href":"https:\/\/www.alt-orken.de\/index.php?rest_route=\/wp\/v2\/types\/page"}],"author":[{"embeddable":true,"href":"https:\/\/www.alt-orken.de\/index.php?rest_route=\/wp\/v2\/users\/2"}],"replies":[{"embeddable":true,"href":"https:\/\/www.alt-orken.de\/index.php?rest_route=%2Fwp%2Fv2%2Fcomments&post=46"}],"version-history":[{"count":3,"href":"https:\/\/www.alt-orken.de\/index.php?rest_route=\/wp\/v2\/pages\/46\/revisions"}],"predecessor-version":[{"id":294,"href":"https:\/\/www.alt-orken.de\/index.php?rest_route=\/wp\/v2\/pages\/46\/revisions\/294"}],"wp:featuredmedia":[{"embeddable":true,"href":"https:\/\/www.alt-orken.de\/index.php?rest_route=\/wp\/v2\/media\/43"}],"wp:attachment":[{"href":"https:\/\/www.alt-orken.de\/index.php?rest_route=%2Fwp%2Fv2%2Fmedia&parent=46"}],"curies":[{"name":"wp","href":"https:\/\/api.w.org\/{rel}","templated":true}]}}